{"id":45,"date":"2014-06-09T20:40:41","date_gmt":"2014-06-09T18:40:41","guid":{"rendered":"http:\/\/www.checkpoint-worbis.de?page_id=45"},"modified":"2020-02-10T09:11:28","modified_gmt":"2020-02-10T07:11:28","slug":"impressum","status":"publish","type":"page","link":"https:\/\/www.checkpoint-worbis.de\/?page_id=45","title":{"rendered":"Impressum"},"content":{"rendered":"<h2>VERANTWORTLICH F\u00dcR DEN INHALT<\/h2>\n<p>Check Point Worbis GmbH<br \/>\nBodenfeldstra\u00dfe 3<br \/>\n37339 Leinefelde-Worbis<\/p>\n<p>Telefon. 036074 &#8211; 20 80 20<br \/>\nTelefax. 036074 &#8211; 20 80 29<\/p>\n<p>Email. <a href=\"mailto:stange@redemann.com\">stange@redemann.com<\/a><br \/>\nInternet. <a href=\"http:\/\/www.checkpoint-worbis.de\">www.checkpoint-worbis.de<\/a><\/p>\n<p>Gesch\u00e4ftsf\u00fchrerin: Cornelia Stange<br \/>\nUSt-IdNr. DE206828495<br \/>\nRegistergericht Amtsgericht Jena<br \/>\nRegisternummer 405023<\/p>\n<h2>WEBSITE KONZEPT UND REALISIERUNG<\/h2>\n<p>visualworkers<br \/>\nElisabethstra\u00dfe 36<br \/>\n37339 Worbis (Eichsfeld,Th\u00fcringen)<\/p>\n<p>Mobil . 0172 &#8211; 13 63 842<\/p>\n<p>E-Mail . <a href=\"mailto:mail@visualworkers.de\">mail@visualworkers.de<br \/>\n<\/a>Internet . <a href=\"http:\/\/www.visualworkers.de\" target=\"_new\" rel=\"noopener noreferrer\">www.visualworkers.de<\/a><\/p>\n<h2>HAFTUNG F\u00dcR INHALTE<\/h2>\n<p>Die Inhalte unserer Seiten wurden mit gr\u00f6\u00dfter Sorgfalt erstellt. F\u00fcr die Richtigkeit, Vollst\u00e4ndigkeit und Aktualit\u00e4t der Inhalte k\u00f6nnen wir jedoch keine Gew\u00e4hr \u00fcbernehmen.<\/p>\n<h2>HAFTUNGSHINWEIS<\/h2>\n<p>Trotz sorgf\u00e4ltiger inhaltlicher Kontrolle \u00fcbernehmen wir keine Haftung f\u00fcr die Inhalte externer Links. F\u00fcr den Inhalt der verlinkten Seiten sind ausschlie\u00dflich deren Betreiber verantwortlich.<\/p>\n<h2>DATENSCHUTZ<\/h2>\n<p>\n        <p class=\"form-row\">\n            <label class=\"checkbox\">\n                <input type=\"checkbox\" class=\"input-checkbox\" name=\"dsk_gdpr_privacy_policy_accepted\"  id=\"accept-privacy-policy-checkbox\" required><span>Ich habe die Datenschutzerkl\u00e4rung gelesen und akzeptiere sie. <\/span><span class=\"required\">*<\/span>\n            <\/label><br>\n        <\/p><br \/>\nDie Checkpoint Worbis GmbH nimmt den Schutz Ihrer pers\u00f6nlichen Daten ernst und h\u00e4lt sich an die Regeln der Datenschutzgesetze. Personenbezogene Daten werden auf dieser Webseite nur im technischen und f\u00fcr die Gesch\u00e4ftsabwicklung notwendigen Umfang erhoben. Die erhobenen Daten werden nicht verkauft oder aus anderen Gr\u00fcnden an Dritte weitergegeben. Die folgende Erkl\u00e4rung gibt Ihnen einen \u00dcberblick, wie wir diesen Schutz gew\u00e4hrleisten und welche Art von Daten zu welchem Zweck erhoben werden. Die Checkpoint Worbis GmbH erhebt und speichert automatisch im eigenen Server Log Files Informationen, die Ihr Browser an uns \u00fcbermittelt. Dies sind: &#8211; Browsertyp\/-version &#8211; verwendetes Betriebssystem &#8211; Referrer URL (die zuvor besuchte Seite) &#8211; Hostname des zugreifenden Rechners (IP Adresse) &#8211; Uhrzeit der Serveranfrage &#8211; Name der abgerufenen Datei &#8211; \u00fcbertragene Datenmenge Diese Daten k\u00f6nnen von der Checkpoint Worbis GmbH nicht bestimmten Personen zugeordnet werden. Es wird keine Zusammenf\u00fchrung dieser Daten mit anderen Datenquellen vorgenommen. Sie haben jederzeit das Recht auf Auskunft \u00fcber die bez\u00fcglich Ihrer Person gespeicherten Daten, deren Herkunft und Empf\u00e4nger sowie den Zweck der Speicherung. Fragen richten Sie bitte an folgende E-Mail: <a href=\"mailto:stange@redemann.com\">stange@redemann.com<\/a><\/p>\n<p>Eine ausf\u00fchrliche Datenschutzerkl\u00e4rung k\u00f6nnen Sie aus dem folgenden Link entnehmen:\u00a0<a href=\"http:\/\/www.checkpoint-worbis.de\/?page_id=560\">Erweiterte Datenschutzerkl\u00e4rung<\/a>.<\/p>\n<h2>GOOGLE ANALYTICS<\/h2>\n<p>Diese Website benutzt Google Analytics, einen Webanalysedienst der Google Inc. (&#8220;Google&#8221;). Google Analytics verwendet sog. &#8220;Cookies&#8221;, Textdateien, die auf Ihrem Computer gespeichert werden und die eine Analyse der Benutzung der Website durch Sie erm\u00f6glichen. Die durch den Cookie erzeugten Informationen \u00fcber Ihre Benutzung dieser Website (einschlie\u00dflich Ihrer IP-Adresse) wird an einen Server von Google in den USA \u00fcbertragen und dort gespeichert. Google wird diese Informationen benutzen, um Ihre Nutzung der Website auszuwerten, um Reports \u00fcber die Websiteaktivit\u00e4ten f\u00fcr die Websitebetreiber zusammenzu- stellen und um weitere mit der Websitenutzung und der Internetnutzung verbundene Dienstleistungen zu erbringen. Auch wird Google diese Infor- mationen gegebenenfalls an Dritte \u00fcbertragen, sofern dies gesetzlich vorgeschrieben oder soweit Dritte diese Daten im Auftrag von Google verarbeiten. Google wird in keinem Fall Ihre IP-Adresse mit anderen Daten von Google in Verbindung bringen. Sie k\u00f6nnen die Installation der Cookies durch eine entsprechende Einstellung Ihrer Browser Software verhindern. Wir weisen Sie jedoch darauf hin, dass Sie in diesem Fall gegebenenfalls nicht s\u00e4mtliche Funktionen dieser Website vollumf\u00e4nglich nutzen k\u00f6nnen. Durch die Nutzung dieser Website erkl\u00e4ren Sie sich mit der Bearbeitung der \u00fcber Sie erhobenen Daten durch Google in der zuvor beschriebenen Art und Weise und zu dem zuvor benannten Zweck einverstanden.<\/p>\n<p><img decoding=\"async\" width=50% src=\"http:\/\/www.checkpoint-worbis.de\/wp-content\/uploads\/2020\/02\/siegel_ddrv.png\"><\/img><\/p>\n<h2>Anfrage Datenschutzverantwortlicher<\/h2>\n<form action=\"\/index.php?rest_route=%2Fwp%2Fv2%2Fpages%2F45\" class=\"dsk-gdpr-form dsk-gdpr-form-contact-dpo\" method=\"post\"><input type=\"hidden\" name=\"dsk_gdpr_form_type\" value=\"contact-dpo\"><div class=\"form-group\"><label for=\"gdpr_firstname\">Ihr Vorname (*)<\/label><input class=\"form-control\" type=\"text\" name=\"gdpr_firstname\" value=\"\" required \/><\/div><div class=\"form-group\"><label for=\"gdpr_lastname\">Ihr Nachname (*)<\/label><input class=\"form-control\" type=\"text\" name=\"gdpr_lastname\" value=\"\" required \/><\/div><div class=\"form-group\"><label for=\"gdpr_email\">Ihre E-Mail (*)<\/label><input class=\"form-control\" type=\"email\" name=\"gdpr_email\" value=\"\" required \/><\/div><div class=\"form-group\"><label for=\"gdpr_message\">Ihre Nachricht (*)<\/label><textarea class=\"form-control\" name=\"gdpr_message\" required \/><\/textarea><\/div><div class=\"form-group\"><label for=\"gdpr_terms\"><input id=\"gdpr_terms\" class=\"form-control\" type=\"checkbox\" name=\"gdpr_terms\" value=\"1\" required \/><span class=\"gdpr-accept-conditiones-text\">Ich stimme der Datenschutzerkl\u00e4rung zu und dass meine Daten f\u00fcr diese DSGVO-Anfrage gespeichert werden.<\/span><\/label><\/div><input type=\"submit\" name=\"gdpr_submitted\" value=\"Senden\"\/><\/form>\n","protected":false},"excerpt":{"rendered":"<p>VERANTWORTLICH F\u00dcR DEN INHALT Check Point Worbis GmbH Bodenfeldstra\u00dfe 3 37339 Leinefelde-Worbis Telefon. 036074 &#8211; 20 80 20 Telefax. 036074 &#8211; 20 80 29 Email. stange@redemann.com Internet. www.checkpoint-worbis.de Gesch\u00e4ftsf\u00fchrerin: Cornelia Stange USt-IdNr. DE206828495 Registergericht Amtsgericht Jena Registernummer 405023 WEBSITE KONZEPT UND REALISIERUNG visualworkers Elisabethstra\u00dfe 36 37339 Worbis (Eichsfeld,Th\u00fcringen) Mobil . 0172 &#8211; 13 63 842 [&hellip;]<\/p>\n","protected":false},"author":1,"featured_media":0,"parent":0,"menu_order":0,"comment_status":"open","ping_status":"open","template":"","meta":{"_acf_changed":false,"footnotes":""},"class_list":["post-45","page","type-page","status-publish","hentry"],"acf":[],"_links":{"self":[{"href":"https:\/\/www.checkpoint-worbis.de\/index.php?rest_route=\/wp\/v2\/pages\/45","targetHints":{"allow":["GET"]}}],"collection":[{"href":"https:\/\/www.checkpoint-worbis.de\/index.php?rest_route=\/wp\/v2\/pages"}],"about":[{"href":"https:\/\/www.checkpoint-worbis.de\/index.php?rest_route=\/wp\/v2\/types\/page"}],"author":[{"embeddable":true,"href":"https:\/\/www.checkpoint-worbis.de\/index.php?rest_route=\/wp\/v2\/users\/1"}],"replies":[{"embeddable":true,"href":"https:\/\/www.checkpoint-worbis.de\/index.php?rest_route=%2Fwp%2Fv2%2Fcomments&post=45"}],"version-history":[{"count":20,"href":"https:\/\/www.checkpoint-worbis.de\/index.php?rest_route=\/wp\/v2\/pages\/45\/revisions"}],"predecessor-version":[{"id":617,"href":"https:\/\/www.checkpoint-worbis.de\/index.php?rest_route=\/wp\/v2\/pages\/45\/revisions\/617"}],"wp:attachment":[{"href":"https:\/\/www.checkpoint-worbis.de\/index.php?rest_route=%2Fwp%2Fv2%2Fmedia&parent=45"}],"curies":[{"name":"wp","href":"https:\/\/api.w.org\/{rel}","templated":true}]}}